{"id":894,"date":"2026-02-12T11:52:34","date_gmt":"2026-02-12T11:52:34","guid":{"rendered":"https:\/\/playamontepindo.com\/?page_id=894"},"modified":"2026-03-12T16:19:49","modified_gmt":"2026-03-12T16:19:49","slug":"lobeira-do-mar","status":"publish","type":"page","link":"https:\/\/playamontepindo.com\/en\/lobeira-do-mar\/","title":{"rendered":"Lobeira do mar"},"content":{"rendered":"\t\t<div data-elementor-type=\"wp-page\" data-elementor-id=\"894\" class=\"elementor elementor-894\" data-elementor-post-type=\"page\">\n\t\t\t\t<div class=\"elementor-element elementor-element-200084b e-con-full kenburns-real e-flex e-con e-parent\" data-id=\"200084b\" data-element_type=\"container\" data-e-type=\"container\" data-settings=\"{&quot;background_background&quot;:&quot;slideshow&quot;,&quot;background_slideshow_gallery&quot;:[{&quot;id&quot;:520,&quot;url&quot;:&quot;http:\\\/\\\/playamontepindo.com\\\/wp-content\\\/uploads\\\/2026\\\/02\\\/lobeira_4-1.webp&quot;}],&quot;background_slideshow_ken_burns&quot;:&quot;yes&quot;,&quot;background_slideshow_loop&quot;:&quot;yes&quot;,&quot;background_slideshow_slide_duration&quot;:5000,&quot;background_slideshow_slide_transition&quot;:&quot;fade&quot;,&quot;background_slideshow_transition_duration&quot;:500,&quot;background_slideshow_ken_burns_zoom_direction&quot;:&quot;in&quot;}\">\n\t\t\t\t<div class=\"elementor-element elementor-element-75b1d4e animated-slow elementor-invisible elementor-widget elementor-widget-heading\" data-id=\"75b1d4e\" data-element_type=\"widget\" data-e-type=\"widget\" data-settings=\"{&quot;_animation&quot;:&quot;fadeIn&quot;,&quot;_animation_delay&quot;:1500}\" data-widget_type=\"heading.default\">\n\t\t\t\t\t<h2 class=\"elementor-heading-title elementor-size-default\">Lobeira do Mar<\/h2>\t\t\t\t<\/div>\n\t\t\t\t<\/div>\n\t\t<div class=\"elementor-element elementor-element-168c212 e-flex e-con-boxed e-con e-parent\" data-id=\"168c212\" data-element_type=\"container\" data-e-type=\"container\">\n\t\t\t\t\t<div class=\"e-con-inner\">\n\t\t<div class=\"elementor-element elementor-element-0eec5e2 e-con-full e-flex e-con e-child\" data-id=\"0eec5e2\" data-element_type=\"container\" data-e-type=\"container\">\n\t\t\t\t<div class=\"elementor-element elementor-element-87b8012 elementor-widget elementor-widget-heading\" data-id=\"87b8012\" data-element_type=\"widget\" data-e-type=\"widget\" data-widget_type=\"heading.default\">\n\t\t\t\t\t<h1 class=\"elementor-heading-title elementor-size-default\">Disfruta tu estancia en Lobeira do Mar, en O Pindo<\/h1>\t\t\t\t<\/div>\n\t\t\t\t<div class=\"elementor-element elementor-element-507e28b elementor-widget elementor-widget-text-editor\" data-id=\"507e28b\" data-element_type=\"widget\" data-e-type=\"widget\" data-widget_type=\"text-editor.default\">\n\t\t\t\t\t\t\t\t\t<p>Un refugio frente al mar donde la leyenda y la naturaleza se mezclan. Seg\u00fan la tradici\u00f3n, aqu\u00ed habitan las almas m\u00e1gicas del Monte Pindo, antiguo Olimpo celta.<\/p>\t\t\t\t\t\t\t\t<\/div>\n\t\t\t\t<div class=\"elementor-element elementor-element-25552d4 elementor-align-left elementor-widget elementor-widget-button\" data-id=\"25552d4\" data-element_type=\"widget\" data-e-type=\"widget\" data-widget_type=\"button.default\">\n\t\t\t\t\t\t\t\t\t\t<a class=\"elementor-button elementor-button-link elementor-size-sm\" href=\"https:\/\/playamontepindo.com\/lobeira-do-mar-detalles\/\">\n\t\t\t\t\t\t<span class=\"elementor-button-content-wrapper\">\n\t\t\t\t\t\t\t\t\t<span class=\"elementor-button-text\">Ver la morada<\/span>\n\t\t\t\t\t<\/span>\n\t\t\t\t\t<\/a>\n\t\t\t\t\t\t\t\t<\/div>\n\t\t\t\t<\/div>\n\t\t<div class=\"elementor-element elementor-element-5e7108d e-con-full e-flex e-con e-child\" data-id=\"5e7108d\" data-element_type=\"container\" data-e-type=\"container\">\n\t\t\t\t<div class=\"elementor-element elementor-element-1acfe3b elementor-widget elementor-widget-image\" data-id=\"1acfe3b\" data-element_type=\"widget\" data-e-type=\"widget\" data-widget_type=\"image.default\">\n\t\t\t\t\t\t\t\t\t\t\t\t\t\t\t<img fetchpriority=\"high\" fetchpriority=\"high\" decoding=\"async\" width=\"1000\" height=\"660\" src=\"http:\/\/playamontepindo.com\/wp-content\/uploads\/2026\/02\/lobeira_main.webp\" class=\"attachment-large size-large wp-image-516\" alt=\"\" srcset=\"http:\/\/playamontepindo.com\/wp-content\/uploads\/2026\/02\/lobeira_main.webp 1000w, http:\/\/playamontepindo.com\/wp-content\/uploads\/2026\/02\/lobeira_main-980x647.webp 980w, http:\/\/playamontepindo.com\/wp-content\/uploads\/2026\/02\/lobeira_main-480x317.webp 480w\" sizes=\"(min-width: 0px) and (max-width: 480px) 480px, (min-width: 481px) and (max-width: 980px) 980px, (min-width: 981px) 1000px, 100vw\" \/>\t\t\t\t\t\t\t\t\t\t\t\t\t\t\t<\/div>\n\t\t\t\t<div class=\"elementor-element elementor-element-3a3028f elementor-absolute e-transform e-transform e-transform elementor-widget elementor-widget-image-carousel\" data-id=\"3a3028f\" data-element_type=\"widget\" data-e-type=\"widget\" data-settings=\"{&quot;slides_to_show&quot;:&quot;1&quot;,&quot;effect&quot;:&quot;fade&quot;,&quot;navigation&quot;:&quot;none&quot;,&quot;_position&quot;:&quot;absolute&quot;,&quot;_transform_rotateZ_effect&quot;:{&quot;unit&quot;:&quot;px&quot;,&quot;size&quot;:-9,&quot;sizes&quot;:[]},&quot;_transform_scale_effect&quot;:{&quot;unit&quot;:&quot;px&quot;,&quot;size&quot;:0.5,&quot;sizes&quot;:[]},&quot;autoplay_speed&quot;:3000,&quot;autoplay&quot;:&quot;yes&quot;,&quot;pause_on_hover&quot;:&quot;yes&quot;,&quot;pause_on_interaction&quot;:&quot;yes&quot;,&quot;infinite&quot;:&quot;yes&quot;,&quot;speed&quot;:500,&quot;_transform_rotateZ_effect_tablet&quot;:{&quot;unit&quot;:&quot;deg&quot;,&quot;size&quot;:&quot;&quot;,&quot;sizes&quot;:[]},&quot;_transform_rotateZ_effect_mobile&quot;:{&quot;unit&quot;:&quot;deg&quot;,&quot;size&quot;:&quot;&quot;,&quot;sizes&quot;:[]},&quot;_transform_translateX_effect&quot;:{&quot;unit&quot;:&quot;px&quot;,&quot;size&quot;:&quot;&quot;,&quot;sizes&quot;:[]},&quot;_transform_translateX_effect_tablet&quot;:{&quot;unit&quot;:&quot;px&quot;,&quot;size&quot;:&quot;&quot;,&quot;sizes&quot;:[]},&quot;_transform_translateX_effect_mobile&quot;:{&quot;unit&quot;:&quot;px&quot;,&quot;size&quot;:&quot;&quot;,&quot;sizes&quot;:[]},&quot;_transform_translateY_effect&quot;:{&quot;unit&quot;:&quot;px&quot;,&quot;size&quot;:&quot;&quot;,&quot;sizes&quot;:[]},&quot;_transform_translateY_effect_tablet&quot;:{&quot;unit&quot;:&quot;px&quot;,&quot;size&quot;:&quot;&quot;,&quot;sizes&quot;:[]},&quot;_transform_translateY_effect_mobile&quot;:{&quot;unit&quot;:&quot;px&quot;,&quot;size&quot;:&quot;&quot;,&quot;sizes&quot;:[]},&quot;_transform_scale_effect_tablet&quot;:{&quot;unit&quot;:&quot;px&quot;,&quot;size&quot;:&quot;&quot;,&quot;sizes&quot;:[]},&quot;_transform_scale_effect_mobile&quot;:{&quot;unit&quot;:&quot;px&quot;,&quot;size&quot;:&quot;&quot;,&quot;sizes&quot;:[]}}\" data-widget_type=\"image-carousel.default\">\n\t\t\t\t\t\t\t<div class=\"elementor-image-carousel-wrapper swiper\" role=\"region\" aria-roledescription=\"carousel\" aria-label=\"Carrusel de im\u00e1genes\" dir=\"ltr\">\n\t\t\t<div class=\"elementor-image-carousel swiper-wrapper\" aria-live=\"off\">\n\t\t\t\t\t\t\t\t<div class=\"swiper-slide\" role=\"group\" aria-roledescription=\"slide\" aria-label=\"1 de 3\"><figure class=\"swiper-slide-inner\"><img decoding=\"async\" class=\"swiper-slide-image\" src=\"http:\/\/playamontepindo.com\/wp-content\/uploads\/2026\/02\/lobeira_1.webp\" alt=\"reina_lupa\" \/><figcaption class=\"elementor-image-carousel-caption\">O Pindo, Galicia<\/figcaption><\/figure><\/div><div class=\"swiper-slide\" role=\"group\" aria-roledescription=\"slide\" aria-label=\"2 de 3\"><figure class=\"swiper-slide-inner\"><img decoding=\"async\" class=\"swiper-slide-image\" src=\"http:\/\/playamontepindo.com\/wp-content\/uploads\/2026\/02\/lobeira_2.webp\" alt=\"O Pindo, Galicia\" \/><figcaption class=\"elementor-image-carousel-caption\">O Pindo, Galicia<\/figcaption><\/figure><\/div><div class=\"swiper-slide\" role=\"group\" aria-roledescription=\"slide\" aria-label=\"3 de 3\"><figure class=\"swiper-slide-inner\"><img decoding=\"async\" class=\"swiper-slide-image\" src=\"http:\/\/playamontepindo.com\/wp-content\/uploads\/2026\/02\/lobeira_3.webp\" alt=\"reina_lupa\" \/><figcaption class=\"elementor-image-carousel-caption\">O Pindo, Galicia<\/figcaption><\/figure><\/div>\t\t\t<\/div>\n\t\t\t\t\t\t\t\n\t\t\t\t\t\t\t\t\t<\/div>\n\t\t\t\t\t\t<\/div>\n\t\t\t\t<\/div>\n\t\t\t\t\t<\/div>\n\t\t\t\t<\/div>\n\t\t\t\t<\/div>\n\t\t","protected":false},"excerpt":{"rendered":"<p>Lobeira do Mar Disfruta tu estancia en Lobeira do Mar, en O Pindo Un refugio frente al mar donde la leyenda y la naturaleza se mezclan. Seg\u00fan la tradici\u00f3n, aqu\u00ed habitan las almas m\u00e1gicas del Monte Pindo, antiguo Olimpo celta. Ver la morada O Pindo, GaliciaO Pindo, GaliciaO Pindo, Galicia<\/p>","protected":false},"author":1,"featured_media":0,"parent":0,"menu_order":0,"comment_status":"closed","ping_status":"closed","template":"elementor_header_footer","meta":{"_et_pb_use_builder":"on","_et_pb_old_content":"<h2>Lobeira do Mar<\/h2>\t\t\t\t\t<h1>Disfruta tu estancia en Lobeira do Mar, en O Pindo<\/h1>\t\t<p>Un refugio frente al mar donde la leyenda y la naturaleza se mezclan. Seg\u00fan la tradici\u00f3n, aqu\u00ed habitan las almas m\u00e1gicas del Monte Pindo, antiguo Olimpo celta.<\/p>\t\t\t\t\t\t\t\t<a href=\"https:\/\/playamontepindo.com\/lobeira-do-mar-detalles\/\">\n\t\t\t\t\t\t\t\t\tVer la morada\n\t\t\t\t\t<\/a>\n\t\t\t\t\t\t\t\t\t\t\t\t\t\t\t\t\t\t\t<img width=\"1000\" height=\"660\" src=\"http:\/\/playamontepindo.com\/wp-content\/uploads\/2026\/02\/lobeira_main.webp\" alt=\"\" srcset=\"http:\/\/playamontepindo.com\/wp-content\/uploads\/2026\/02\/lobeira_main.webp 1000w, http:\/\/playamontepindo.com\/wp-content\/uploads\/2026\/02\/lobeira_main-300x198.webp 300w, http:\/\/playamontepindo.com\/wp-content\/uploads\/2026\/02\/lobeira_main-768x507.webp 768w, http:\/\/playamontepindo.com\/wp-content\/uploads\/2026\/02\/lobeira_main-980x647.webp 980w, http:\/\/playamontepindo.com\/wp-content\/uploads\/2026\/02\/lobeira_main-480x317.webp 480w\" sizes=\"(max-width: 1000px) 100vw, 1000px\" \/>\t\t\t\t\t\t\t\t\t\t\t\t\t\t\t\t\t\t\n\t\t\t\t\t\t\t\t<figure><img src=\"http:\/\/playamontepindo.com\/wp-content\/uploads\/2026\/02\/lobeira_1.webp\" alt=\"reina_lupa\" \/><figcaption>O Pindo, Galicia<\/figcaption><\/figure><figure><img src=\"http:\/\/playamontepindo.com\/wp-content\/uploads\/2026\/02\/lobeira_2.webp\" alt=\"O Pindo, Galicia\" \/><figcaption>O Pindo, Galicia<\/figcaption><\/figure><figure><img src=\"http:\/\/playamontepindo.com\/wp-content\/uploads\/2026\/02\/lobeira_3.webp\" alt=\"reina_lupa\" \/><figcaption>O Pindo, Galicia<\/figcaption><\/figure>","_et_gb_content_width":"","footnotes":""},"class_list":["post-894","page","type-page","status-publish","hentry"],"_links":{"self":[{"href":"https:\/\/playamontepindo.com\/en\/wp-json\/wp\/v2\/pages\/894","targetHints":{"allow":["GET"]}}],"collection":[{"href":"https:\/\/playamontepindo.com\/en\/wp-json\/wp\/v2\/pages"}],"about":[{"href":"https:\/\/playamontepindo.com\/en\/wp-json\/wp\/v2\/types\/page"}],"author":[{"embeddable":true,"href":"https:\/\/playamontepindo.com\/en\/wp-json\/wp\/v2\/users\/1"}],"replies":[{"embeddable":true,"href":"https:\/\/playamontepindo.com\/en\/wp-json\/wp\/v2\/comments?post=894"}],"version-history":[{"count":63,"href":"https:\/\/playamontepindo.com\/en\/wp-json\/wp\/v2\/pages\/894\/revisions"}],"predecessor-version":[{"id":1839,"href":"https:\/\/playamontepindo.com\/en\/wp-json\/wp\/v2\/pages\/894\/revisions\/1839"}],"wp:attachment":[{"href":"https:\/\/playamontepindo.com\/en\/wp-json\/wp\/v2\/media?parent=894"}],"curies":[{"name":"wp","href":"https:\/\/api.w.org\/{rel}","templated":true}]}}