{"id":29,"date":"2025-10-20T16:17:28","date_gmt":"2025-10-20T16:17:28","guid":{"rendered":"https:\/\/playamontepindo.com\/?page_id=29"},"modified":"2026-03-12T16:18:23","modified_gmt":"2026-03-12T16:18:23","slug":"morada-da-raina-lupa","status":"publish","type":"page","link":"https:\/\/playamontepindo.com\/en\/morada-da-raina-lupa\/","title":{"rendered":"Morada da rai\u00f1a lupa"},"content":{"rendered":"\t\t<div data-elementor-type=\"wp-page\" data-elementor-id=\"29\" class=\"elementor elementor-29\" data-elementor-post-type=\"page\">\n\t\t\t\t<div class=\"elementor-element elementor-element-0006af5 e-con-full kenburns-real e-flex e-con e-parent\" data-id=\"0006af5\" data-element_type=\"container\" data-e-type=\"container\" data-settings=\"{&quot;background_background&quot;:&quot;slideshow&quot;,&quot;background_slideshow_gallery&quot;:[{&quot;id&quot;:957,&quot;url&quot;:&quot;http:\\\/\\\/playamontepindo.com\\\/wp-content\\\/uploads\\\/2026\\\/02\\\/raina-lupa_web-7-scaled.jpg&quot;}],&quot;background_slideshow_ken_burns&quot;:&quot;yes&quot;,&quot;background_slideshow_loop&quot;:&quot;yes&quot;,&quot;background_slideshow_slide_duration&quot;:5000,&quot;background_slideshow_slide_transition&quot;:&quot;fade&quot;,&quot;background_slideshow_transition_duration&quot;:500,&quot;background_slideshow_ken_burns_zoom_direction&quot;:&quot;in&quot;}\">\n\t\t\t\t<div class=\"elementor-element elementor-element-3db9bfe animated-slow elementor-invisible elementor-widget elementor-widget-heading\" data-id=\"3db9bfe\" data-element_type=\"widget\" data-e-type=\"widget\" data-settings=\"{&quot;_animation&quot;:&quot;fadeIn&quot;,&quot;_animation_delay&quot;:1500}\" data-widget_type=\"heading.default\">\n\t\t\t\t\t<h2 class=\"elementor-heading-title elementor-size-default\">Morada da Rai\u00f1a Lupa<\/h2>\t\t\t\t<\/div>\n\t\t\t\t<\/div>\n\t\t<div class=\"elementor-element elementor-element-2450469 e-flex e-con-boxed e-con e-parent\" data-id=\"2450469\" data-element_type=\"container\" data-e-type=\"container\">\n\t\t\t\t\t<div class=\"e-con-inner\">\n\t\t<div class=\"elementor-element elementor-element-d567570 e-con-full e-flex e-con e-child\" data-id=\"d567570\" data-element_type=\"container\" data-e-type=\"container\">\n\t\t\t\t<div class=\"elementor-element elementor-element-743c034 elementor-widget elementor-widget-heading\" data-id=\"743c034\" data-element_type=\"widget\" data-e-type=\"widget\" data-widget_type=\"heading.default\">\n\t\t\t\t\t<h1 class=\"elementor-heading-title elementor-size-default\">Disfruta tu estancia la Morada da Rai\u00f1a Lupa, en O Pindo<\/h1>\t\t\t\t<\/div>\n\t\t\t\t<div class=\"elementor-element elementor-element-6443464 elementor-widget elementor-widget-text-editor\" data-id=\"6443464\" data-element_type=\"widget\" data-e-type=\"widget\" data-widget_type=\"text-editor.default\">\n\t\t\t\t\t\t\t\t\t<p>Un lugar que honra la memoria de la poderosa reina celta que gobern\u00f3 las tierras del Finisterrae con valent\u00eda y sabidur\u00eda. La Reina Lupa, figura emblem\u00e1tica de la mitolog\u00eda gallega, es considerada una dama pagana que custodiaba el Monte Pindo, el Olimpo celta de Galicia, y cuyo legado conecta el mundo antiguo con la historia del Camino de Santiago.<\/p>\t\t\t\t\t\t\t\t<\/div>\n\t\t\t\t<div class=\"elementor-element elementor-element-0bcb9c3 elementor-align-left elementor-widget elementor-widget-button\" data-id=\"0bcb9c3\" data-element_type=\"widget\" data-e-type=\"widget\" data-widget_type=\"button.default\">\n\t\t\t\t\t\t\t\t\t\t<a class=\"elementor-button elementor-button-link elementor-size-sm\" href=\"https:\/\/playamontepindo.com\/morada-da-raina-lupa-detalles\/\">\n\t\t\t\t\t\t<span class=\"elementor-button-content-wrapper\">\n\t\t\t\t\t\t\t\t\t<span class=\"elementor-button-text\">Ver la morada<\/span>\n\t\t\t\t\t<\/span>\n\t\t\t\t\t<\/a>\n\t\t\t\t\t\t\t\t<\/div>\n\t\t\t\t<\/div>\n\t\t<div class=\"elementor-element elementor-element-e5c1dd7 e-con-full e-flex e-con e-child\" data-id=\"e5c1dd7\" data-element_type=\"container\" data-e-type=\"container\">\n\t\t\t\t<div class=\"elementor-element elementor-element-b4f1dbb elementor-widget elementor-widget-image\" data-id=\"b4f1dbb\" data-element_type=\"widget\" data-e-type=\"widget\" data-widget_type=\"image.default\">\n\t\t\t\t\t\t\t\t\t\t\t\t\t\t\t<img fetchpriority=\"high\" fetchpriority=\"high\" decoding=\"async\" width=\"1000\" height=\"660\" src=\"https:\/\/playamontepindo.com\/wp-content\/uploads\/2026\/02\/lobeira_main.webp\" class=\"attachment-large size-large wp-image-516\" alt=\"\" srcset=\"https:\/\/playamontepindo.com\/wp-content\/uploads\/2026\/02\/lobeira_main.webp 1000w, https:\/\/playamontepindo.com\/wp-content\/uploads\/2026\/02\/lobeira_main-980x647.webp 980w, https:\/\/playamontepindo.com\/wp-content\/uploads\/2026\/02\/lobeira_main-480x317.webp 480w\" sizes=\"(min-width: 0px) and (max-width: 480px) 480px, (min-width: 481px) and (max-width: 980px) 980px, (min-width: 981px) 1000px, 100vw\" \/>\t\t\t\t\t\t\t\t\t\t\t\t\t\t\t<\/div>\n\t\t\t\t<div class=\"elementor-element elementor-element-a0ac339 elementor-absolute e-transform e-transform e-transform elementor-widget elementor-widget-image-carousel\" data-id=\"a0ac339\" data-element_type=\"widget\" data-e-type=\"widget\" data-settings=\"{&quot;slides_to_show&quot;:&quot;1&quot;,&quot;effect&quot;:&quot;fade&quot;,&quot;navigation&quot;:&quot;none&quot;,&quot;_position&quot;:&quot;absolute&quot;,&quot;_transform_rotateZ_effect&quot;:{&quot;unit&quot;:&quot;px&quot;,&quot;size&quot;:-9,&quot;sizes&quot;:[]},&quot;_transform_scale_effect&quot;:{&quot;unit&quot;:&quot;px&quot;,&quot;size&quot;:0.5,&quot;sizes&quot;:[]},&quot;autoplay_speed&quot;:1000,&quot;autoplay&quot;:&quot;yes&quot;,&quot;pause_on_hover&quot;:&quot;yes&quot;,&quot;pause_on_interaction&quot;:&quot;yes&quot;,&quot;infinite&quot;:&quot;yes&quot;,&quot;speed&quot;:500,&quot;_transform_rotateZ_effect_tablet&quot;:{&quot;unit&quot;:&quot;deg&quot;,&quot;size&quot;:&quot;&quot;,&quot;sizes&quot;:[]},&quot;_transform_rotateZ_effect_mobile&quot;:{&quot;unit&quot;:&quot;deg&quot;,&quot;size&quot;:&quot;&quot;,&quot;sizes&quot;:[]},&quot;_transform_translateX_effect&quot;:{&quot;unit&quot;:&quot;px&quot;,&quot;size&quot;:&quot;&quot;,&quot;sizes&quot;:[]},&quot;_transform_translateX_effect_tablet&quot;:{&quot;unit&quot;:&quot;px&quot;,&quot;size&quot;:&quot;&quot;,&quot;sizes&quot;:[]},&quot;_transform_translateX_effect_mobile&quot;:{&quot;unit&quot;:&quot;px&quot;,&quot;size&quot;:&quot;&quot;,&quot;sizes&quot;:[]},&quot;_transform_translateY_effect&quot;:{&quot;unit&quot;:&quot;px&quot;,&quot;size&quot;:&quot;&quot;,&quot;sizes&quot;:[]},&quot;_transform_translateY_effect_tablet&quot;:{&quot;unit&quot;:&quot;px&quot;,&quot;size&quot;:&quot;&quot;,&quot;sizes&quot;:[]},&quot;_transform_translateY_effect_mobile&quot;:{&quot;unit&quot;:&quot;px&quot;,&quot;size&quot;:&quot;&quot;,&quot;sizes&quot;:[]},&quot;_transform_scale_effect_tablet&quot;:{&quot;unit&quot;:&quot;px&quot;,&quot;size&quot;:&quot;&quot;,&quot;sizes&quot;:[]},&quot;_transform_scale_effect_mobile&quot;:{&quot;unit&quot;:&quot;px&quot;,&quot;size&quot;:&quot;&quot;,&quot;sizes&quot;:[]}}\" data-widget_type=\"image-carousel.default\">\n\t\t\t\t\t\t\t<div class=\"elementor-image-carousel-wrapper swiper\" role=\"region\" aria-roledescription=\"carousel\" aria-label=\"Carrusel de im\u00e1genes\" dir=\"ltr\">\n\t\t\t<div class=\"elementor-image-carousel swiper-wrapper\" aria-live=\"off\">\n\t\t\t\t\t\t\t\t<div class=\"swiper-slide\" role=\"group\" aria-roledescription=\"slide\" aria-label=\"1 de 3\"><figure class=\"swiper-slide-inner\"><img decoding=\"async\" class=\"swiper-slide-image\" src=\"https:\/\/playamontepindo.com\/wp-content\/uploads\/2026\/02\/raina-lupa_web-7-2-scaled.jpg\" alt=\"O Pindo, Galicia\" \/><figcaption class=\"elementor-image-carousel-caption\">O Pindo, Galicia<\/figcaption><\/figure><\/div><div class=\"swiper-slide\" role=\"group\" aria-roledescription=\"slide\" aria-label=\"2 de 3\"><figure class=\"swiper-slide-inner\"><img decoding=\"async\" class=\"swiper-slide-image\" src=\"https:\/\/playamontepindo.com\/wp-content\/uploads\/2026\/02\/IMG20220702141545-1-scaled.jpg\" alt=\"O Pindo, Galicia\" \/><figcaption class=\"elementor-image-carousel-caption\">O Pindo, Galicia<\/figcaption><\/figure><\/div><div class=\"swiper-slide\" role=\"group\" aria-roledescription=\"slide\" aria-label=\"3 de 3\"><figure class=\"swiper-slide-inner\"><img decoding=\"async\" class=\"swiper-slide-image\" src=\"https:\/\/playamontepindo.com\/wp-content\/uploads\/2026\/02\/raina-lupa_web-6-scaled.jpg\" alt=\"O Pindo, Galicia\" \/><figcaption class=\"elementor-image-carousel-caption\">O Pindo, Galicia<\/figcaption><\/figure><\/div>\t\t\t<\/div>\n\t\t\t\t\t\t\t\n\t\t\t\t\t\t\t\t\t<\/div>\n\t\t\t\t\t\t<\/div>\n\t\t\t\t<\/div>\n\t\t\t\t\t<\/div>\n\t\t\t\t<\/div>\n\t\t\t\t<\/div>\n\t\t","protected":false},"excerpt":{"rendered":"<p>Morada da Rai\u00f1a Lupa Disfruta tu estancia la Morada da Rai\u00f1a Lupa, en O Pindo Un lugar que honra la memoria de la poderosa reina celta que gobern\u00f3 las tierras del Finisterrae con valent\u00eda y sabidur\u00eda. La Reina Lupa, figura emblem\u00e1tica de la mitolog\u00eda gallega, es considerada una dama pagana que custodiaba el Monte Pindo, [&hellip;]<\/p>\n","protected":false},"author":1,"featured_media":0,"parent":0,"menu_order":0,"comment_status":"closed","ping_status":"closed","template":"","meta":{"_et_pb_use_builder":"on","_et_pb_old_content":"<!-- wp:divi\/placeholder \/-->","_et_gb_content_width":"","footnotes":""},"class_list":["post-29","page","type-page","status-publish","hentry"],"_links":{"self":[{"href":"https:\/\/playamontepindo.com\/en\/wp-json\/wp\/v2\/pages\/29","targetHints":{"allow":["GET"]}}],"collection":[{"href":"https:\/\/playamontepindo.com\/en\/wp-json\/wp\/v2\/pages"}],"about":[{"href":"https:\/\/playamontepindo.com\/en\/wp-json\/wp\/v2\/types\/page"}],"author":[{"embeddable":true,"href":"https:\/\/playamontepindo.com\/en\/wp-json\/wp\/v2\/users\/1"}],"replies":[{"embeddable":true,"href":"https:\/\/playamontepindo.com\/en\/wp-json\/wp\/v2\/comments?post=29"}],"version-history":[{"count":49,"href":"https:\/\/playamontepindo.com\/en\/wp-json\/wp\/v2\/pages\/29\/revisions"}],"predecessor-version":[{"id":1836,"href":"https:\/\/playamontepindo.com\/en\/wp-json\/wp\/v2\/pages\/29\/revisions\/1836"}],"wp:attachment":[{"href":"https:\/\/playamontepindo.com\/en\/wp-json\/wp\/v2\/media?parent=29"}],"curies":[{"name":"wp","href":"https:\/\/api.w.org\/{rel}","templated":true}]}}